{"id":1884,"date":"2023-12-16T18:52:38","date_gmt":"2023-12-16T18:52:38","guid":{"rendered":"https:\/\/coupdepouce.net\/wordpress\/?page_id=1884"},"modified":"2023-12-16T19:04:22","modified_gmt":"2023-12-16T19:04:22","slug":"letz-make-peace","status":"publish","type":"page","link":"https:\/\/coupdepouce.net\/wordpress\/index.php\/letz-make-peace\/","title":{"rendered":"L\u00ebt&rsquo;z make Peace"},"content":{"rendered":"\n<p class=\"has-text-align-left\"><\/p>\n\n\n\n<div class=\"wp-block-media-text is-stacked-on-mobile\" style=\"grid-template-columns:41% auto\"><figure class=\"wp-block-media-text__media\"><img loading=\"lazy\" decoding=\"async\" width=\"500\" height=\"500\" src=\"https:\/\/coupdepouce.net\/wordpress\/wp-content\/uploads\/2023\/12\/Letz-make-peace-broderie-1.png\" alt=\"\" class=\"wp-image-1886 size-full\" srcset=\"https:\/\/coupdepouce.net\/wordpress\/wp-content\/uploads\/2023\/12\/Letz-make-peace-broderie-1.png 500w, https:\/\/coupdepouce.net\/wordpress\/wp-content\/uploads\/2023\/12\/Letz-make-peace-broderie-1-300x300.png 300w, https:\/\/coupdepouce.net\/wordpress\/wp-content\/uploads\/2023\/12\/Letz-make-peace-broderie-1-150x150.png 150w\" sizes=\"auto, (max-width: 500px) 100vw, 500px\" \/><\/figure><div class=\"wp-block-media-text__content\">\n<p class=\"has-text-align-left\">Afin d&rsquo;apporter un soutien \u00e0 des Enfants congolais vivant en zones de conflits, nous lan\u00e7ons le 1er f\u00e9vrier 2024 une campagne pour leur offrir un encadrement p\u00e9dagogique et encourager \u00e9galement la pr\u00e9vention par l&rsquo;art! <\/p>\n\n\n\n<p><strong>Vous souhaitez participer \u00e0 cette initiative?<\/strong><\/p>\n<\/div><\/div>\n\n\n\n<div class=\"wp-block-media-text has-media-on-the-right is-stacked-on-mobile\" style=\"grid-template-columns:auto 25%\"><div class=\"wp-block-media-text__content\">\n<p><strong>Devenez Membre-Peacer<\/strong> (ambassadeur et faiseur de paix en parlant et relayant ce projet autour de vous et sur vos r\u00e9seaux) et\/ou <\/p>\n\n\n\n<p><strong>Sponsor priv\u00e9 ou institutionnel<\/strong> : par un don via <a href=\"https:\/\/payconiq.lu\">Payconiq<\/a> ou <a href=\"https:\/\/coupdepouce.net\/wordpress\/index.php\/banking-data\/\">\u00e9ligible \u00e0 d\u00e9duction fiscale<\/a> avec la mention pour Coup de Pouce\/Peacer<\/p>\n<\/div><figure class=\"wp-block-media-text__media\"><img loading=\"lazy\" decoding=\"async\" width=\"250\" height=\"250\" src=\"https:\/\/coupdepouce.net\/wordpress\/wp-content\/uploads\/2023\/12\/QR-Payconiq-CDP-2.png\" alt=\"\" class=\"wp-image-1887 size-full\" srcset=\"https:\/\/coupdepouce.net\/wordpress\/wp-content\/uploads\/2023\/12\/QR-Payconiq-CDP-2.png 250w, https:\/\/coupdepouce.net\/wordpress\/wp-content\/uploads\/2023\/12\/QR-Payconiq-CDP-2-150x150.png 150w\" sizes=\"auto, (max-width: 250px) 100vw, 250px\" \/><\/figure><\/div>\n","protected":false},"excerpt":{"rendered":"<p>Afin d&rsquo;apporter un soutien \u00e0 des Enfants congolais vivant en zones de conflits, nous lan\u00e7ons le 1er f\u00e9vrier 2024 une campagne pour leur offrir un encadrement p\u00e9dagogique et encourager \u00e9galement la pr\u00e9vention par l&rsquo;art! Vous souhaitez participer \u00e0 cette initiative? Devenez Membre-Peacer (ambassadeur et faiseur de paix en parlant et relayant ce projet autour de &hellip; <a href=\"https:\/\/coupdepouce.net\/wordpress\/index.php\/letz-make-peace\/\" class=\"more-link\">Lire la suite <span class=\"screen-reader-text\">L\u00ebt&rsquo;z make Peace<\/span><\/a><\/p>\n","protected":false},"author":1,"featured_media":0,"parent":0,"menu_order":0,"comment_status":"closed","ping_status":"closed","template":"","meta":{"footnotes":""},"class_list":["post-1884","page","type-page","status-publish","hentry"],"_links":{"self":[{"href":"https:\/\/coupdepouce.net\/wordpress\/index.php\/wp-json\/wp\/v2\/pages\/1884","targetHints":{"allow":["GET"]}}],"collection":[{"href":"https:\/\/coupdepouce.net\/wordpress\/index.php\/wp-json\/wp\/v2\/pages"}],"about":[{"href":"https:\/\/coupdepouce.net\/wordpress\/index.php\/wp-json\/wp\/v2\/types\/page"}],"author":[{"embeddable":true,"href":"https:\/\/coupdepouce.net\/wordpress\/index.php\/wp-json\/wp\/v2\/users\/1"}],"replies":[{"embeddable":true,"href":"https:\/\/coupdepouce.net\/wordpress\/index.php\/wp-json\/wp\/v2\/comments?post=1884"}],"version-history":[{"count":2,"href":"https:\/\/coupdepouce.net\/wordpress\/index.php\/wp-json\/wp\/v2\/pages\/1884\/revisions"}],"predecessor-version":[{"id":1892,"href":"https:\/\/coupdepouce.net\/wordpress\/index.php\/wp-json\/wp\/v2\/pages\/1884\/revisions\/1892"}],"wp:attachment":[{"href":"https:\/\/coupdepouce.net\/wordpress\/index.php\/wp-json\/wp\/v2\/media?parent=1884"}],"curies":[{"name":"wp","href":"https:\/\/api.w.org\/{rel}","templated":true}]}}