{"id":259,"date":"2018-12-19T22:20:58","date_gmt":"2018-12-19T21:20:58","guid":{"rendered":"https:\/\/coupdepoucenet.wordpress.com\/?page_id=259"},"modified":"2023-04-16T12:46:15","modified_gmt":"2023-04-16T12:46:15","slug":"digital-education","status":"publish","type":"page","link":"https:\/\/coupdepouce.net\/wordpress\/index.php\/digital-education\/","title":{"rendered":"Digital Education"},"content":{"rendered":"\n<p class=\"has-vivid-green-cyan-background-color has-background\">Avec le soutien du <a href=\"https:\/\/institute.eib.org\">EIB Institute<\/a> (<em>Un PC sur clef USB pour tous\u00a0et\u00a0upcycling\u00a0de\u00a0PC<\/em>),  <a href=\"https:\/\/lions-amitie.lu\">Lions Amiti\u00e9 Luxembourg<\/a> (<em>To close the digital gap for nextgen Congolese girls<\/em>) et l&rsquo;<a href=\"https:\/\/fr.woluwe1200.be\/solidarite-internationale-et-relations-exterieures\">Echevinat de la Solidarit\u00e9 de la Commune de Woluwe-saint-Lambert<\/a> (BE) (<em>Alphab\u00e9tisation digitale nomade<\/em>).<\/p>\n\n\n\n<figure class=\"wp-block-gallery has-nested-images columns-2 is-cropped wp-block-gallery-1 is-layout-flex wp-block-gallery-is-layout-flex\">\n<figure class=\"wp-block-image\"><img loading=\"lazy\" decoding=\"async\" width=\"1024\" height=\"577\" data-id=\"1348\" src=\"https:\/\/coupdepouce.net\/wordpress\/wp-content\/uploads\/2022\/10\/DSC00185-1-1024x577.jpg\" alt=\"\" class=\"wp-image-1348\" srcset=\"https:\/\/coupdepouce.net\/wordpress\/wp-content\/uploads\/2022\/10\/DSC00185-1-1024x577.jpg 1024w, https:\/\/coupdepouce.net\/wordpress\/wp-content\/uploads\/2022\/10\/DSC00185-1-300x169.jpg 300w, https:\/\/coupdepouce.net\/wordpress\/wp-content\/uploads\/2022\/10\/DSC00185-1-768x433.jpg 768w, https:\/\/coupdepouce.net\/wordpress\/wp-content\/uploads\/2022\/10\/DSC00185-1-1536x865.jpg 1536w, https:\/\/coupdepouce.net\/wordpress\/wp-content\/uploads\/2022\/10\/DSC00185-1-2048x1154.jpg 2048w, https:\/\/coupdepouce.net\/wordpress\/wp-content\/uploads\/2022\/10\/DSC00185-1-2000x1127.jpg 2000w\" sizes=\"auto, (max-width: 1024px) 100vw, 1024px\" \/><\/figure>\n\n\n\n<figure class=\"wp-block-image\"><img loading=\"lazy\" decoding=\"async\" width=\"1024\" height=\"577\" data-id=\"1350\" src=\"https:\/\/coupdepouce.net\/wordpress\/wp-content\/uploads\/2022\/10\/DSC00188-1-1024x577.jpg\" alt=\"\" class=\"wp-image-1350\" srcset=\"https:\/\/coupdepouce.net\/wordpress\/wp-content\/uploads\/2022\/10\/DSC00188-1-1024x577.jpg 1024w, https:\/\/coupdepouce.net\/wordpress\/wp-content\/uploads\/2022\/10\/DSC00188-1-300x169.jpg 300w, https:\/\/coupdepouce.net\/wordpress\/wp-content\/uploads\/2022\/10\/DSC00188-1-768x433.jpg 768w, https:\/\/coupdepouce.net\/wordpress\/wp-content\/uploads\/2022\/10\/DSC00188-1-1536x865.jpg 1536w, https:\/\/coupdepouce.net\/wordpress\/wp-content\/uploads\/2022\/10\/DSC00188-1-2048x1154.jpg 2048w, https:\/\/coupdepouce.net\/wordpress\/wp-content\/uploads\/2022\/10\/DSC00188-1-2000x1127.jpg 2000w\" sizes=\"auto, (max-width: 1024px) 100vw, 1024px\" \/><\/figure>\n\n\n\n<figure class=\"wp-block-image\"><img loading=\"lazy\" decoding=\"async\" width=\"1024\" height=\"577\" data-id=\"1351\" src=\"https:\/\/coupdepouce.net\/wordpress\/wp-content\/uploads\/2022\/10\/DSC00192-1024x577.jpg\" alt=\"\" class=\"wp-image-1351\" srcset=\"https:\/\/coupdepouce.net\/wordpress\/wp-content\/uploads\/2022\/10\/DSC00192-1024x577.jpg 1024w, https:\/\/coupdepouce.net\/wordpress\/wp-content\/uploads\/2022\/10\/DSC00192-300x169.jpg 300w, https:\/\/coupdepouce.net\/wordpress\/wp-content\/uploads\/2022\/10\/DSC00192-768x433.jpg 768w, https:\/\/coupdepouce.net\/wordpress\/wp-content\/uploads\/2022\/10\/DSC00192-1536x865.jpg 1536w, https:\/\/coupdepouce.net\/wordpress\/wp-content\/uploads\/2022\/10\/DSC00192-2048x1154.jpg 2048w, https:\/\/coupdepouce.net\/wordpress\/wp-content\/uploads\/2022\/10\/DSC00192-2000x1127.jpg 2000w\" sizes=\"auto, (max-width: 1024px) 100vw, 1024px\" \/><\/figure>\n\n\n\n<figure class=\"wp-block-image\"><img loading=\"lazy\" decoding=\"async\" width=\"1024\" height=\"577\" data-id=\"1355\" src=\"https:\/\/coupdepouce.net\/wordpress\/wp-content\/uploads\/2022\/10\/DSC00215-1024x577.jpg\" alt=\"\" class=\"wp-image-1355\" srcset=\"https:\/\/coupdepouce.net\/wordpress\/wp-content\/uploads\/2022\/10\/DSC00215-1024x577.jpg 1024w, https:\/\/coupdepouce.net\/wordpress\/wp-content\/uploads\/2022\/10\/DSC00215-300x169.jpg 300w, https:\/\/coupdepouce.net\/wordpress\/wp-content\/uploads\/2022\/10\/DSC00215-768x433.jpg 768w, https:\/\/coupdepouce.net\/wordpress\/wp-content\/uploads\/2022\/10\/DSC00215-1536x865.jpg 1536w, https:\/\/coupdepouce.net\/wordpress\/wp-content\/uploads\/2022\/10\/DSC00215-2048x1154.jpg 2048w, https:\/\/coupdepouce.net\/wordpress\/wp-content\/uploads\/2022\/10\/DSC00215-2000x1127.jpg 2000w\" sizes=\"auto, (max-width: 1024px) 100vw, 1024px\" \/><\/figure>\n\n\n\n<figure class=\"wp-block-image\"><img decoding=\"async\" data-id=\"1371\" src=\"https:\/\/coupdepouce.net\/wordpress\/wp-content\/uploads\/2022\/10\/DSCN7330-1024x768.jpg\" alt=\"\" class=\"wp-image-1371\"\/><\/figure>\n\n\n\n<figure class=\"wp-block-image\"><img decoding=\"async\" data-id=\"1373\" src=\"https:\/\/coupdepouce.net\/wordpress\/wp-content\/uploads\/2022\/10\/DSCN7332-1024x768.jpg\" alt=\"\" class=\"wp-image-1373\"\/><\/figure>\n\n\n\n<figure class=\"wp-block-image\"><img decoding=\"async\" data-id=\"1374\" src=\"https:\/\/coupdepouce.net\/wordpress\/wp-content\/uploads\/2022\/10\/DSCN7335-1024x768.jpg\" alt=\"\" class=\"wp-image-1374\"\/><\/figure>\n\n\n\n<figure class=\"wp-block-image\"><img loading=\"lazy\" decoding=\"async\" width=\"640\" height=\"480\" data-id=\"1400\" src=\"https:\/\/coupdepouce.net\/wordpress\/wp-content\/uploads\/2022\/10\/IMG_00012.jpg\" alt=\"\" class=\"wp-image-1400\" srcset=\"https:\/\/coupdepouce.net\/wordpress\/wp-content\/uploads\/2022\/10\/IMG_00012.jpg 640w, https:\/\/coupdepouce.net\/wordpress\/wp-content\/uploads\/2022\/10\/IMG_00012-300x225.jpg 300w\" sizes=\"auto, (max-width: 640px) 100vw, 640px\" \/><\/figure>\n\n\n\n<figure class=\"wp-block-image\"><img loading=\"lazy\" decoding=\"async\" width=\"640\" height=\"480\" data-id=\"1408\" src=\"https:\/\/coupdepouce.net\/wordpress\/wp-content\/uploads\/2022\/10\/IMG_00171.jpg\" alt=\"\" class=\"wp-image-1408\" srcset=\"https:\/\/coupdepouce.net\/wordpress\/wp-content\/uploads\/2022\/10\/IMG_00171.jpg 640w, https:\/\/coupdepouce.net\/wordpress\/wp-content\/uploads\/2022\/10\/IMG_00171-300x225.jpg 300w\" sizes=\"auto, (max-width: 640px) 100vw, 640px\" \/><\/figure>\n\n\n\n<figure class=\"wp-block-image size-large\"><img loading=\"lazy\" decoding=\"async\" width=\"960\" height=\"540\" data-id=\"1752\" src=\"https:\/\/coupdepouce.net\/wordpress\/wp-content\/uploads\/2023\/04\/IT-GM.jpg\" alt=\"\" class=\"wp-image-1752\" srcset=\"https:\/\/coupdepouce.net\/wordpress\/wp-content\/uploads\/2023\/04\/IT-GM.jpg 960w, https:\/\/coupdepouce.net\/wordpress\/wp-content\/uploads\/2023\/04\/IT-GM-300x169.jpg 300w, https:\/\/coupdepouce.net\/wordpress\/wp-content\/uploads\/2023\/04\/IT-GM-768x432.jpg 768w\" sizes=\"auto, (max-width: 960px) 100vw, 960px\" \/><\/figure>\n<\/figure>\n\n\n\n<figure class=\"wp-block-gallery has-nested-images columns-default is-cropped wp-block-gallery-2 is-layout-flex wp-block-gallery-is-layout-flex\">\n<figure class=\"wp-block-image size-large\"><img loading=\"lazy\" decoding=\"async\" width=\"960\" height=\"960\" data-id=\"1754\" src=\"https:\/\/coupdepouce.net\/wordpress\/wp-content\/uploads\/2023\/04\/IT-practical-training.jpg\" alt=\"\" class=\"wp-image-1754\" srcset=\"https:\/\/coupdepouce.net\/wordpress\/wp-content\/uploads\/2023\/04\/IT-practical-training.jpg 960w, https:\/\/coupdepouce.net\/wordpress\/wp-content\/uploads\/2023\/04\/IT-practical-training-300x300.jpg 300w, https:\/\/coupdepouce.net\/wordpress\/wp-content\/uploads\/2023\/04\/IT-practical-training-150x150.jpg 150w, https:\/\/coupdepouce.net\/wordpress\/wp-content\/uploads\/2023\/04\/IT-practical-training-768x768.jpg 768w\" sizes=\"auto, (max-width: 960px) 100vw, 960px\" \/><\/figure>\n\n\n\n<figure class=\"wp-block-image size-large\"><img loading=\"lazy\" decoding=\"async\" width=\"960\" height=\"960\" data-id=\"1755\" src=\"https:\/\/coupdepouce.net\/wordpress\/wp-content\/uploads\/2023\/04\/IT-class.jpg\" alt=\"\" class=\"wp-image-1755\" srcset=\"https:\/\/coupdepouce.net\/wordpress\/wp-content\/uploads\/2023\/04\/IT-class.jpg 960w, https:\/\/coupdepouce.net\/wordpress\/wp-content\/uploads\/2023\/04\/IT-class-300x300.jpg 300w, https:\/\/coupdepouce.net\/wordpress\/wp-content\/uploads\/2023\/04\/IT-class-150x150.jpg 150w, https:\/\/coupdepouce.net\/wordpress\/wp-content\/uploads\/2023\/04\/IT-class-768x768.jpg 768w\" sizes=\"auto, (max-width: 960px) 100vw, 960px\" \/><\/figure>\n<\/figure>\n\n\n<div class=\"wp-block-image\">\n<figure class=\"aligncenter\" id=\"block-0ff8f667-2101-4d65-9607-7659124c45d2\"><img decoding=\"async\" src=\"https:\/\/coupdepouce.net\/wordpress\/wp-content\/uploads\/2023\/04\/Voyage-au-coeur-du-smartphones-12.2022-1024x566.png\" alt=\"L\u2019attribut alt de cette image est vide, son nom de fichier est Voyage-au-coeur-du-smartphones-12.2022-1024x566.png.\"\/><\/figure>\n<\/div>\n\n\n<p id=\"block-184474e1-9e19-4ea9-a798-8652973bf469\"><strong><mark>Voyage au coeur du smartphone entre les jeunes de la Maison Le Gu\u00e9 (Woluwe-Saint-Lambert) et du centre Green Mango (Village Poleni)<\/mark> <\/strong>: <a href=\"http:\/\/vimeo.com\/user189238160\/\">vimeo.com\/user189238160\/<\/a><\/p>\n\n\n\n<p><\/p>\n","protected":false},"excerpt":{"rendered":"<p>Avec le soutien du EIB Institute (Un PC sur clef USB pour tous\u00a0et\u00a0upcycling\u00a0de\u00a0PC), Lions Amiti\u00e9 Luxembourg (To close the digital gap for nextgen Congolese girls) et l&rsquo;Echevinat de la Solidarit\u00e9 de la Commune de Woluwe-saint-Lambert (BE) (Alphab\u00e9tisation digitale nomade). Voyage au coeur du smartphone entre les jeunes de la Maison Le Gu\u00e9 (Woluwe-Saint-Lambert) et du &hellip; <a href=\"https:\/\/coupdepouce.net\/wordpress\/index.php\/digital-education\/\" class=\"more-link\">Lire la suite <span class=\"screen-reader-text\">Digital Education<\/span><\/a><\/p>\n","protected":false},"author":2,"featured_media":1369,"parent":0,"menu_order":0,"comment_status":"closed","ping_status":"closed","template":"","meta":{"footnotes":""},"class_list":["post-259","page","type-page","status-publish","has-post-thumbnail","hentry"],"_links":{"self":[{"href":"https:\/\/coupdepouce.net\/wordpress\/index.php\/wp-json\/wp\/v2\/pages\/259","targetHints":{"allow":["GET"]}}],"collection":[{"href":"https:\/\/coupdepouce.net\/wordpress\/index.php\/wp-json\/wp\/v2\/pages"}],"about":[{"href":"https:\/\/coupdepouce.net\/wordpress\/index.php\/wp-json\/wp\/v2\/types\/page"}],"author":[{"embeddable":true,"href":"https:\/\/coupdepouce.net\/wordpress\/index.php\/wp-json\/wp\/v2\/users\/2"}],"replies":[{"embeddable":true,"href":"https:\/\/coupdepouce.net\/wordpress\/index.php\/wp-json\/wp\/v2\/comments?post=259"}],"version-history":[{"count":5,"href":"https:\/\/coupdepouce.net\/wordpress\/index.php\/wp-json\/wp\/v2\/pages\/259\/revisions"}],"predecessor-version":[{"id":1756,"href":"https:\/\/coupdepouce.net\/wordpress\/index.php\/wp-json\/wp\/v2\/pages\/259\/revisions\/1756"}],"wp:featuredmedia":[{"embeddable":true,"href":"https:\/\/coupdepouce.net\/wordpress\/index.php\/wp-json\/wp\/v2\/media\/1369"}],"wp:attachment":[{"href":"https:\/\/coupdepouce.net\/wordpress\/index.php\/wp-json\/wp\/v2\/media?parent=259"}],"curies":[{"name":"wp","href":"https:\/\/api.w.org\/{rel}","templated":true}]}}