{"id":269,"date":"2018-12-19T22:35:26","date_gmt":"2018-12-19T21:35:26","guid":{"rendered":"https:\/\/coupdepoucenet.wordpress.com\/?page_id=269"},"modified":"2024-11-08T14:06:11","modified_gmt":"2024-11-08T14:06:11","slug":"volunteering-framework-opportunities","status":"publish","type":"page","link":"https:\/\/coupdepouce.net\/wordpress\/index.php\/volunteering-framework-opportunities\/","title":{"rendered":"CALL FOR SUPPORT"},"content":{"rendered":"\n<p><strong>FUNDRAISING<\/strong> : you can support our projects through the <a href=\"https:\/\/www.uningoapp.com\/np_profile?org=CDP%20Asbl\">Uningo platform <\/a><\/p>\n\n\n\n<p><strong>VOLUNTEERING<\/strong> : <strong>(we are signatory of the ethical chart <\/strong><a href=\"http:\/\/www.benevolat.public.lu\/\">http:\/\/www.benevolat.public.lu\/<\/a>)<\/p>\n\n\n\n<p>Les b\u00e9n\u00e9voles sont bienvenus pour nous aider pour des stands (transport et vente d&rsquo;articles) et pour faire conna\u00eetre notre association dans leur entourage et devenir nos ambassadeurs. Merci de bien vouloir nous contacter pour toute demande compl\u00e9mentaire ou proposition par email (info@coupdepouce.net).        <\/p>\n\n\n\n<p><em>Volunteers are welcome to help us to hold stands (to transport and sell our items) and to advocate our organization within their community and  becoming our ambassadors. Thanks in advance to contact us by email for any further question or proposal (info@coupdepouce.net).<\/em><\/p>\n\n\n\n<p><strong>Etat de besoins\/special needs :\u00a0<\/strong>Tout don et mat\u00e9riel \u00e0 valeur ajout\u00e9e pour nos projets sont les bienvenus \/ <em>Any donation and gift in kind for our projects are welcome. <\/em><\/p>\n","protected":false},"excerpt":{"rendered":"<p>FUNDRAISING : you can support our projects through the Uningo platform VOLUNTEERING : (we are signatory of the ethical chart http:\/\/www.benevolat.public.lu\/) Les b\u00e9n\u00e9voles sont bienvenus pour nous aider pour des stands (transport et vente d&rsquo;articles) et pour faire conna\u00eetre notre association dans leur entourage et devenir nos ambassadeurs. Merci de bien vouloir nous contacter pour &hellip; <a href=\"https:\/\/coupdepouce.net\/wordpress\/index.php\/volunteering-framework-opportunities\/\" class=\"more-link\">Lire la suite <span class=\"screen-reader-text\">CALL FOR SUPPORT<\/span><\/a><\/p>\n","protected":false},"author":2,"featured_media":1681,"parent":0,"menu_order":0,"comment_status":"closed","ping_status":"closed","template":"","meta":{"footnotes":""},"class_list":["post-269","page","type-page","status-publish","has-post-thumbnail","hentry"],"_links":{"self":[{"href":"https:\/\/coupdepouce.net\/wordpress\/index.php\/wp-json\/wp\/v2\/pages\/269","targetHints":{"allow":["GET"]}}],"collection":[{"href":"https:\/\/coupdepouce.net\/wordpress\/index.php\/wp-json\/wp\/v2\/pages"}],"about":[{"href":"https:\/\/coupdepouce.net\/wordpress\/index.php\/wp-json\/wp\/v2\/types\/page"}],"author":[{"embeddable":true,"href":"https:\/\/coupdepouce.net\/wordpress\/index.php\/wp-json\/wp\/v2\/users\/2"}],"replies":[{"embeddable":true,"href":"https:\/\/coupdepouce.net\/wordpress\/index.php\/wp-json\/wp\/v2\/comments?post=269"}],"version-history":[{"count":4,"href":"https:\/\/coupdepouce.net\/wordpress\/index.php\/wp-json\/wp\/v2\/pages\/269\/revisions"}],"predecessor-version":[{"id":1950,"href":"https:\/\/coupdepouce.net\/wordpress\/index.php\/wp-json\/wp\/v2\/pages\/269\/revisions\/1950"}],"wp:featuredmedia":[{"embeddable":true,"href":"https:\/\/coupdepouce.net\/wordpress\/index.php\/wp-json\/wp\/v2\/media\/1681"}],"wp:attachment":[{"href":"https:\/\/coupdepouce.net\/wordpress\/index.php\/wp-json\/wp\/v2\/media?parent=269"}],"curies":[{"name":"wp","href":"https:\/\/api.w.org\/{rel}","templated":true}]}}