{"id":288,"date":"2018-12-20T20:45:33","date_gmt":"2018-12-20T19:45:33","guid":{"rendered":"https:\/\/coupdepoucenet.wordpress.com\/?page_id=288"},"modified":"2022-10-20T04:39:43","modified_gmt":"2022-10-20T04:39:43","slug":"reportages","status":"publish","type":"page","link":"https:\/\/coupdepouce.net\/wordpress\/index.php\/reportages\/","title":{"rendered":"Reportages"},"content":{"rendered":"\n<p style=\"font-size:15px\"><strong>Main picture : visit at the Termiti\u00e8re Museum in Lubumbashi,&nbsp;DRC<\/strong><\/p>\n\n\n\n<h4 class=\"wp-block-heading\">Projets &#8211; Ylis et Cit\u00e9 Guanella <\/h4>\n\n\n\n<figure class=\"wp-block-gallery has-nested-images columns-4 is-cropped wp-block-gallery-1 is-layout-flex wp-block-gallery-is-layout-flex\">\n<figure class=\"wp-block-image\"><img loading=\"lazy\" decoding=\"async\" width=\"320\" height=\"240\" data-id=\"1485\" src=\"https:\/\/coupdepouce.net\/wordpress\/wp-content\/uploads\/2022\/10\/viva21.jpg\" alt=\"\" class=\"wp-image-1485\" srcset=\"https:\/\/coupdepouce.net\/wordpress\/wp-content\/uploads\/2022\/10\/viva21.jpg 320w, https:\/\/coupdepouce.net\/wordpress\/wp-content\/uploads\/2022\/10\/viva21-300x225.jpg 300w\" sizes=\"auto, (max-width: 320px) 100vw, 320px\" \/><\/figure>\n\n\n\n<figure class=\"wp-block-image\"><img loading=\"lazy\" decoding=\"async\" width=\"320\" height=\"240\" data-id=\"1468\" src=\"https:\/\/coupdepouce.net\/wordpress\/wp-content\/uploads\/2022\/10\/pict0175.jpg\" alt=\"\" class=\"wp-image-1468\" srcset=\"https:\/\/coupdepouce.net\/wordpress\/wp-content\/uploads\/2022\/10\/pict0175.jpg 320w, https:\/\/coupdepouce.net\/wordpress\/wp-content\/uploads\/2022\/10\/pict0175-300x225.jpg 300w\" sizes=\"auto, (max-width: 320px) 100vw, 320px\" \/><\/figure>\n\n\n\n<figure class=\"wp-block-image\"><img loading=\"lazy\" decoding=\"async\" width=\"320\" height=\"213\" data-id=\"1465\" src=\"https:\/\/coupdepouce.net\/wordpress\/wp-content\/uploads\/2022\/10\/photo12_11a.jpg\" alt=\"\" class=\"wp-image-1465\" srcset=\"https:\/\/coupdepouce.net\/wordpress\/wp-content\/uploads\/2022\/10\/photo12_11a.jpg 320w, https:\/\/coupdepouce.net\/wordpress\/wp-content\/uploads\/2022\/10\/photo12_11a-300x200.jpg 300w\" sizes=\"auto, (max-width: 320px) 100vw, 320px\" \/><\/figure>\n\n\n\n<figure class=\"wp-block-image\"><img decoding=\"async\" data-id=\"284\" src=\"https:\/\/coupdepoucenet.files.wordpress.com\/2018\/12\/photo09_8a.jpg?w=320\" alt=\"\" class=\"wp-image-284\"\/><\/figure>\n\n\n\n<figure class=\"wp-block-image\"><img loading=\"lazy\" decoding=\"async\" width=\"320\" height=\"240\" data-id=\"1304\" src=\"https:\/\/coupdepouce.net\/wordpress\/wp-content\/uploads\/2022\/10\/arteduagri13.jpg\" alt=\"\" class=\"wp-image-1304\" srcset=\"https:\/\/coupdepouce.net\/wordpress\/wp-content\/uploads\/2022\/10\/arteduagri13.jpg 320w, https:\/\/coupdepouce.net\/wordpress\/wp-content\/uploads\/2022\/10\/arteduagri13-300x225.jpg 300w\" sizes=\"auto, (max-width: 320px) 100vw, 320px\" \/><\/figure>\n\n\n\n<figure class=\"wp-block-image\"><img loading=\"lazy\" decoding=\"async\" width=\"180\" height=\"240\" data-id=\"1303\" src=\"https:\/\/coupdepouce.net\/wordpress\/wp-content\/uploads\/2022\/10\/arteduagri12.jpg\" alt=\"\" class=\"wp-image-1303\"\/><\/figure>\n\n\n\n<figure class=\"wp-block-image\"><img loading=\"lazy\" decoding=\"async\" width=\"320\" height=\"240\" data-id=\"1644\" src=\"https:\/\/coupdepouce.net\/wordpress\/wp-content\/uploads\/2022\/10\/arteduagri9.jpg\" alt=\"\" class=\"wp-image-1644\" srcset=\"https:\/\/coupdepouce.net\/wordpress\/wp-content\/uploads\/2022\/10\/arteduagri9.jpg 320w, https:\/\/coupdepouce.net\/wordpress\/wp-content\/uploads\/2022\/10\/arteduagri9-300x225.jpg 300w\" sizes=\"auto, (max-width: 320px) 100vw, 320px\" \/><\/figure>\n\n\n\n<figure class=\"wp-block-image\"><img loading=\"lazy\" decoding=\"async\" width=\"320\" height=\"240\" data-id=\"1643\" src=\"https:\/\/coupdepouce.net\/wordpress\/wp-content\/uploads\/2022\/10\/arteduagri8.jpg\" alt=\"\" class=\"wp-image-1643\" srcset=\"https:\/\/coupdepouce.net\/wordpress\/wp-content\/uploads\/2022\/10\/arteduagri8.jpg 320w, https:\/\/coupdepouce.net\/wordpress\/wp-content\/uploads\/2022\/10\/arteduagri8-300x225.jpg 300w\" sizes=\"auto, (max-width: 320px) 100vw, 320px\" \/><\/figure>\n\n\n\n<figure class=\"wp-block-image\"><img loading=\"lazy\" decoding=\"async\" width=\"150\" height=\"150\" data-id=\"1302\" src=\"https:\/\/coupdepouce.net\/wordpress\/wp-content\/uploads\/2022\/10\/arteduagri5-150x150-1.jpg\" alt=\"\" class=\"wp-image-1302\"\/><\/figure>\n\n\n\n<figure class=\"wp-block-image\"><img loading=\"lazy\" decoding=\"async\" width=\"320\" height=\"240\" data-id=\"1301\" src=\"https:\/\/coupdepouce.net\/wordpress\/wp-content\/uploads\/2022\/10\/arteduagri4.jpg\" alt=\"\" class=\"wp-image-1301\" srcset=\"https:\/\/coupdepouce.net\/wordpress\/wp-content\/uploads\/2022\/10\/arteduagri4.jpg 320w, https:\/\/coupdepouce.net\/wordpress\/wp-content\/uploads\/2022\/10\/arteduagri4-300x225.jpg 300w\" sizes=\"auto, (max-width: 320px) 100vw, 320px\" \/><\/figure>\n\n\n\n<figure class=\"wp-block-image\"><img loading=\"lazy\" decoding=\"async\" width=\"180\" height=\"240\" data-id=\"1300\" src=\"https:\/\/coupdepouce.net\/wordpress\/wp-content\/uploads\/2022\/10\/arteduagri3.jpg\" alt=\"\" class=\"wp-image-1300\"\/><\/figure>\n\n\n\n<figure class=\"wp-block-image\"><img loading=\"lazy\" decoding=\"async\" width=\"180\" height=\"240\" data-id=\"1299\" src=\"https:\/\/coupdepouce.net\/wordpress\/wp-content\/uploads\/2022\/10\/arteduagri2.jpg\" alt=\"\" class=\"wp-image-1299\"\/><\/figure>\n<\/figure>\n\n\n\n<h4 class=\"wp-block-heading\">Solidarity Run &#8211; Lyc\u00e9e du Nord, Wiltz<\/h4>\n\n\n\n<figure class=\"wp-block-gallery has-nested-images columns-4 is-cropped wp-block-gallery-2 is-layout-flex wp-block-gallery-is-layout-flex\">\n<figure class=\"wp-block-image\"><img loading=\"lazy\" decoding=\"async\" width=\"320\" height=\"240\" data-id=\"1385\" src=\"https:\/\/coupdepouce.net\/wordpress\/wp-content\/uploads\/2022\/10\/f9054df373fb6db99ac95aac696aa58c.jpg\" alt=\"\" class=\"wp-image-1385\" srcset=\"https:\/\/coupdepouce.net\/wordpress\/wp-content\/uploads\/2022\/10\/f9054df373fb6db99ac95aac696aa58c.jpg 320w, https:\/\/coupdepouce.net\/wordpress\/wp-content\/uploads\/2022\/10\/f9054df373fb6db99ac95aac696aa58c-300x225.jpg 300w\" sizes=\"auto, (max-width: 320px) 100vw, 320px\" \/><\/figure>\n\n\n\n<figure class=\"wp-block-image\"><img loading=\"lazy\" decoding=\"async\" width=\"320\" height=\"240\" data-id=\"1290\" src=\"https:\/\/coupdepouce.net\/wordpress\/wp-content\/uploads\/2022\/10\/9c48b5f53aba70c562701200ecee338c.jpg\" alt=\"\" class=\"wp-image-1290\" srcset=\"https:\/\/coupdepouce.net\/wordpress\/wp-content\/uploads\/2022\/10\/9c48b5f53aba70c562701200ecee338c.jpg 320w, https:\/\/coupdepouce.net\/wordpress\/wp-content\/uploads\/2022\/10\/9c48b5f53aba70c562701200ecee338c-300x225.jpg 300w\" sizes=\"auto, (max-width: 320px) 100vw, 320px\" \/><\/figure>\n\n\n\n<figure class=\"wp-block-image\"><img loading=\"lazy\" decoding=\"async\" width=\"320\" height=\"240\" data-id=\"1323\" src=\"https:\/\/coupdepouce.net\/wordpress\/wp-content\/uploads\/2022\/10\/d875841bf0dca439163469fe4d83c821.jpg\" alt=\"\" class=\"wp-image-1323\" srcset=\"https:\/\/coupdepouce.net\/wordpress\/wp-content\/uploads\/2022\/10\/d875841bf0dca439163469fe4d83c821.jpg 320w, https:\/\/coupdepouce.net\/wordpress\/wp-content\/uploads\/2022\/10\/d875841bf0dca439163469fe4d83c821-300x225.jpg 300w\" sizes=\"auto, (max-width: 320px) 100vw, 320px\" \/><\/figure>\n\n\n\n<figure class=\"wp-block-image\"><img loading=\"lazy\" decoding=\"async\" width=\"320\" height=\"240\" data-id=\"1294\" src=\"https:\/\/coupdepouce.net\/wordpress\/wp-content\/uploads\/2022\/10\/2636eac272002a1f9cc56a25bd76f32f.jpg\" alt=\"\" class=\"wp-image-1294\" srcset=\"https:\/\/coupdepouce.net\/wordpress\/wp-content\/uploads\/2022\/10\/2636eac272002a1f9cc56a25bd76f32f.jpg 320w, https:\/\/coupdepouce.net\/wordpress\/wp-content\/uploads\/2022\/10\/2636eac272002a1f9cc56a25bd76f32f-300x225.jpg 300w\" sizes=\"auto, (max-width: 320px) 100vw, 320px\" \/><\/figure>\n\n\n\n<figure class=\"wp-block-image\"><img loading=\"lazy\" decoding=\"async\" width=\"320\" height=\"240\" data-id=\"1292\" src=\"https:\/\/coupdepouce.net\/wordpress\/wp-content\/uploads\/2022\/10\/474ab1c32e2b0b5879d30e943b17c17d.jpg\" alt=\"\" class=\"wp-image-1292\" srcset=\"https:\/\/coupdepouce.net\/wordpress\/wp-content\/uploads\/2022\/10\/474ab1c32e2b0b5879d30e943b17c17d.jpg 320w, https:\/\/coupdepouce.net\/wordpress\/wp-content\/uploads\/2022\/10\/474ab1c32e2b0b5879d30e943b17c17d-300x225.jpg 300w\" sizes=\"auto, (max-width: 320px) 100vw, 320px\" \/><\/figure>\n\n\n\n<figure class=\"wp-block-image\"><img loading=\"lazy\" decoding=\"async\" width=\"320\" height=\"240\" data-id=\"1291\" src=\"https:\/\/coupdepouce.net\/wordpress\/wp-content\/uploads\/2022\/10\/191a7c586fdedd42776d34568c896853.jpg\" alt=\"\" class=\"wp-image-1291\" srcset=\"https:\/\/coupdepouce.net\/wordpress\/wp-content\/uploads\/2022\/10\/191a7c586fdedd42776d34568c896853.jpg 320w, https:\/\/coupdepouce.net\/wordpress\/wp-content\/uploads\/2022\/10\/191a7c586fdedd42776d34568c896853-300x225.jpg 300w\" sizes=\"auto, (max-width: 320px) 100vw, 320px\" \/><\/figure>\n<\/figure>\n\n\n\n<h4 class=\"wp-block-heading\">Stands, fundraising and partnership : <a href=\"http:\/\/imslux.lu\/eng\/part-n-act\/58_les-produits-congolais-de-coup-de-pouce\">http:\/\/imslux.lu\/eng\/part-n-act\/58_les-produits-congolais-de-coup-de-pouce<\/a><\/h4>\n\n\n\n<figure class=\"wp-block-gallery has-nested-images columns-default is-cropped wp-block-gallery-3 is-layout-flex wp-block-gallery-is-layout-flex\">\n<figure class=\"wp-block-image\"><img loading=\"lazy\" decoding=\"async\" width=\"768\" height=\"1024\" data-id=\"1413\" src=\"https:\/\/coupdepouce.net\/wordpress\/wp-content\/uploads\/2022\/10\/IMG_20180512_120400_resized_20180726_083816665-768x1024.jpg\" alt=\"\" class=\"wp-image-1413\" srcset=\"https:\/\/coupdepouce.net\/wordpress\/wp-content\/uploads\/2022\/10\/IMG_20180512_120400_resized_20180726_083816665-768x1024.jpg 768w, https:\/\/coupdepouce.net\/wordpress\/wp-content\/uploads\/2022\/10\/IMG_20180512_120400_resized_20180726_083816665-scaled-225x300.jpg 225w, https:\/\/coupdepouce.net\/wordpress\/wp-content\/uploads\/2022\/10\/IMG_20180512_120400_resized_20180726_083816665-scaled-1152x1536.jpg 1152w, https:\/\/coupdepouce.net\/wordpress\/wp-content\/uploads\/2022\/10\/IMG_20180512_120400_resized_20180726_083816665-scaled-1536x2048.jpg 1536w, https:\/\/coupdepouce.net\/wordpress\/wp-content\/uploads\/2022\/10\/IMG_20180512_120400_resized_20180726_083816665-scaled-1125x1500.jpg 1125w, https:\/\/coupdepouce.net\/wordpress\/wp-content\/uploads\/2022\/10\/IMG_20180512_120400_resized_20180726_083816665-scaled.jpg 1920w\" sizes=\"auto, (max-width: 768px) 100vw, 768px\" \/><\/figure>\n\n\n\n<figure class=\"wp-block-image\"><img loading=\"lazy\" decoding=\"async\" width=\"1024\" height=\"768\" data-id=\"1477\" src=\"https:\/\/coupdepouce.net\/wordpress\/wp-content\/uploads\/2022\/10\/Summer-Belairer-Fest-2017-1024x768.jpg\" alt=\"\" class=\"wp-image-1477\" srcset=\"https:\/\/coupdepouce.net\/wordpress\/wp-content\/uploads\/2022\/10\/Summer-Belairer-Fest-2017-1024x768.jpg 1024w, https:\/\/coupdepouce.net\/wordpress\/wp-content\/uploads\/2022\/10\/Summer-Belairer-Fest-2017-300x225.jpg 300w, https:\/\/coupdepouce.net\/wordpress\/wp-content\/uploads\/2022\/10\/Summer-Belairer-Fest-2017-768x576.jpg 768w, https:\/\/coupdepouce.net\/wordpress\/wp-content\/uploads\/2022\/10\/Summer-Belairer-Fest-2017-1536x1152.jpg 1536w, https:\/\/coupdepouce.net\/wordpress\/wp-content\/uploads\/2022\/10\/Summer-Belairer-Fest-2017-2048x1536.jpg 2048w, https:\/\/coupdepouce.net\/wordpress\/wp-content\/uploads\/2022\/10\/Summer-Belairer-Fest-2017-2000x1500.jpg 2000w\" sizes=\"auto, (max-width: 1024px) 100vw, 1024px\" \/><\/figure>\n<\/figure>\n\n\n\n<h4 class=\"wp-block-heading\">Dans la presse<\/h4>\n\n\n\n<ul class=\"wp-block-list\"><li><a href=\"https:\/\/coupdepoucenet.files.wordpress.com\/2018\/12\/article-Madeinluxe.pdf\">MadeInLux<\/a><\/li><li><a href=\"https:\/\/coupdepoucenet.files.wordpress.com\/2018\/12\/Eventail-Coup-de-Poucep1.pdf\">L&rsquo;Eventail<\/a><\/li><li><a href=\"https:\/\/coupdepoucenet.files.wordpress.com\/2018\/12\/Pages-de-MERKUR_Merkur_2016_1.pdf\">Merkur<\/a><\/li><li><a href=\"https:\/\/coupdepoucenet.files.wordpress.com\/2018\/12\/Associations-caritatives.pdf\">FM Communication<\/a><\/li><\/ul>\n\n\n\n<p><\/p>\n","protected":false},"excerpt":{"rendered":"<p>Main picture : visit at the Termiti\u00e8re Museum in Lubumbashi,&nbsp;DRC Projets &#8211; Ylis et Cit\u00e9 Guanella Solidarity Run &#8211; Lyc\u00e9e du Nord, Wiltz Stands, fundraising and partnership : http:\/\/imslux.lu\/eng\/part-n-act\/58_les-produits-congolais-de-coup-de-pouce Dans la presse MadeInLux L&rsquo;Eventail Merkur FM Communication<\/p>\n","protected":false},"author":2,"featured_media":1407,"parent":0,"menu_order":0,"comment_status":"closed","ping_status":"closed","template":"","meta":{"footnotes":""},"class_list":["post-288","page","type-page","status-publish","has-post-thumbnail","hentry"],"_links":{"self":[{"href":"https:\/\/coupdepouce.net\/wordpress\/index.php\/wp-json\/wp\/v2\/pages\/288","targetHints":{"allow":["GET"]}}],"collection":[{"href":"https:\/\/coupdepouce.net\/wordpress\/index.php\/wp-json\/wp\/v2\/pages"}],"about":[{"href":"https:\/\/coupdepouce.net\/wordpress\/index.php\/wp-json\/wp\/v2\/types\/page"}],"author":[{"embeddable":true,"href":"https:\/\/coupdepouce.net\/wordpress\/index.php\/wp-json\/wp\/v2\/users\/2"}],"replies":[{"embeddable":true,"href":"https:\/\/coupdepouce.net\/wordpress\/index.php\/wp-json\/wp\/v2\/comments?post=288"}],"version-history":[{"count":4,"href":"https:\/\/coupdepouce.net\/wordpress\/index.php\/wp-json\/wp\/v2\/pages\/288\/revisions"}],"predecessor-version":[{"id":1649,"href":"https:\/\/coupdepouce.net\/wordpress\/index.php\/wp-json\/wp\/v2\/pages\/288\/revisions\/1649"}],"wp:featuredmedia":[{"embeddable":true,"href":"https:\/\/coupdepouce.net\/wordpress\/index.php\/wp-json\/wp\/v2\/media\/1407"}],"wp:attachment":[{"href":"https:\/\/coupdepouce.net\/wordpress\/index.php\/wp-json\/wp\/v2\/media?parent=288"}],"curies":[{"name":"wp","href":"https:\/\/api.w.org\/{rel}","templated":true}]}}