{"id":317,"date":"2018-12-21T06:41:44","date_gmt":"2018-12-21T05:41:44","guid":{"rendered":"https:\/\/coupdepoucenet.wordpress.com\/?page_id=317"},"modified":"2022-10-19T16:50:19","modified_gmt":"2022-10-19T16:50:19","slug":"femmes-formidables","status":"publish","type":"page","link":"https:\/\/coupdepouce.net\/wordpress\/index.php\/femmes-formidables\/","title":{"rendered":"Femmes Formidables"},"content":{"rendered":"<div class=\"wp-block-image\">\n<figure class=\"alignleft size-full is-resized\"><img loading=\"lazy\" decoding=\"async\" src=\"https:\/\/coupdepouce.net\/wordpress\/wp-content\/uploads\/2022\/10\/interviewsoeur.jpg\" alt=\"\" class=\"wp-image-1421\" width=\"230\" height=\"310\"\/><\/figure>\n<\/div>\n\n\n<p class=\"has-text-align-left\">S\u0153ur de Clerck<br>Centre de r\u00e9f\u00e9rence du diab\u00e8te<\/p>\n\n\n\n<figure class=\"wp-block-audio\"><audio controls src=\"https:\/\/coupdepouce.net\/wordpress\/wp-content\/uploads\/2022\/10\/INTERVIEW-SOEUR-D.mp3\"><\/audio><\/figure>\n\n\n<div class=\"wp-block-image\">\n<figure class=\"alignleft size-full is-resized\"><img loading=\"lazy\" decoding=\"async\" src=\"https:\/\/coupdepouce.net\/wordpress\/wp-content\/uploads\/2022\/10\/interviewmaman.jpg\" alt=\"\" class=\"wp-image-1420\" width=\"230\" height=\"310\"\/><\/figure>\n<\/div>\n\n\n<p class=\"has-text-align-left\">Maman Agn\u00e8s<br>Projet d&rsquo;\u00e9cole pour filles et femmes<br><\/p>\n\n\n\n<figure class=\"wp-block-audio\"><audio controls src=\"https:\/\/coupdepouce.net\/wordpress\/wp-content\/uploads\/2022\/10\/INTERVIEW-M-AGNES2.mp3\"><\/audio><\/figure>\n\n\n\n<p><br><\/p>\n\n\n<div class=\"wp-block-image\">\n<figure class=\"alignleft size-full is-resized\"><img loading=\"lazy\" decoding=\"async\" src=\"https:\/\/coupdepouce.net\/wordpress\/wp-content\/uploads\/2022\/10\/6250_137668915449_2372690_n.jpg\" alt=\"\" class=\"wp-image-1295\" width=\"230\" height=\"310\"\/><\/figure>\n<\/div>\n\n\n<p>Article Ligueur<br>Val\u00e9rie Van Voorst<br><\/p>\n\n\n\n<figure class=\"wp-block-image is-resized\"><a href=\"https:\/\/coupdepoucenet.files.wordpress.com\/2018\/12\/article-Ligueur.pdf\" target=\"_blank\" rel=\"noreferrer noopener\"><img loading=\"lazy\" decoding=\"async\" src=\"https:\/\/coupdepoucenet.files.wordpress.com\/2018\/12\/pdf-240x240-1.png?w=240\" alt=\"\" class=\"wp-image-413\" width=\"83\" height=\"83\"\/><\/a><\/figure>\n","protected":false},"excerpt":{"rendered":"<p>S\u0153ur de ClerckCentre de r\u00e9f\u00e9rence du diab\u00e8te Maman Agn\u00e8sProjet d&rsquo;\u00e9cole pour filles et femmes Article LigueurVal\u00e9rie Van Voorst<\/p>\n","protected":false},"author":2,"featured_media":0,"parent":0,"menu_order":0,"comment_status":"closed","ping_status":"closed","template":"","meta":{"footnotes":""},"class_list":["post-317","page","type-page","status-publish","hentry"],"_links":{"self":[{"href":"https:\/\/coupdepouce.net\/wordpress\/index.php\/wp-json\/wp\/v2\/pages\/317","targetHints":{"allow":["GET"]}}],"collection":[{"href":"https:\/\/coupdepouce.net\/wordpress\/index.php\/wp-json\/wp\/v2\/pages"}],"about":[{"href":"https:\/\/coupdepouce.net\/wordpress\/index.php\/wp-json\/wp\/v2\/types\/page"}],"author":[{"embeddable":true,"href":"https:\/\/coupdepouce.net\/wordpress\/index.php\/wp-json\/wp\/v2\/users\/2"}],"replies":[{"embeddable":true,"href":"https:\/\/coupdepouce.net\/wordpress\/index.php\/wp-json\/wp\/v2\/comments?post=317"}],"version-history":[{"count":5,"href":"https:\/\/coupdepouce.net\/wordpress\/index.php\/wp-json\/wp\/v2\/pages\/317\/revisions"}],"predecessor-version":[{"id":1580,"href":"https:\/\/coupdepouce.net\/wordpress\/index.php\/wp-json\/wp\/v2\/pages\/317\/revisions\/1580"}],"wp:attachment":[{"href":"https:\/\/coupdepouce.net\/wordpress\/index.php\/wp-json\/wp\/v2\/media?parent=317"}],"curies":[{"name":"wp","href":"https:\/\/api.w.org\/{rel}","templated":true}]}}