{"id":373,"date":"2018-12-23T10:13:05","date_gmt":"2018-12-23T09:13:05","guid":{"rendered":"https:\/\/coupdepoucenet.wordpress.com\/?page_id=373"},"modified":"2024-10-03T11:41:08","modified_gmt":"2024-10-03T11:41:08","slug":"banking-data","status":"publish","type":"page","link":"https:\/\/coupdepouce.net\/wordpress\/index.php\/banking-data\/","title":{"rendered":"Banking Data"},"content":{"rendered":"\n<h3 class=\"wp-block-heading\">Asbl Coup de Pouce<\/h3>\n\n\n\n<div class=\"wp-block-media-text is-stacked-on-mobile\" style=\"grid-template-columns:15% auto\"><figure class=\"wp-block-media-text__media\"><img loading=\"lazy\" decoding=\"async\" width=\"334\" height=\"200\" src=\"https:\/\/coupdepouce.net\/wordpress\/wp-content\/uploads\/2022\/10\/drapeaubelge.jpg\" alt=\"\" class=\"wp-image-1325 size-full\" srcset=\"https:\/\/coupdepouce.net\/wordpress\/wp-content\/uploads\/2022\/10\/drapeaubelge.jpg 334w, https:\/\/coupdepouce.net\/wordpress\/wp-content\/uploads\/2022\/10\/drapeaubelge-300x180.jpg 300w\" sizes=\"auto, (max-width: 334px) 100vw, 334px\" \/><\/figure><div class=\"wp-block-media-text__content\">\n<p>IBAN : BE37 0003 2567 0628<br>Bank : BNPParibas Fortis, rue Montagne du Parc 3, B-1000 Bruxelles<br>Swift : GEBABEBB ou GEBABEBBXXX<\/p>\n<\/div><\/div>\n\n\n\n<div class=\"wp-block-media-text is-stacked-on-mobile\" style=\"grid-template-columns:15% auto\"><figure class=\"wp-block-media-text__media\"><img loading=\"lazy\" decoding=\"async\" width=\"334\" height=\"200\" src=\"https:\/\/coupdepouce.net\/wordpress\/wp-content\/uploads\/2022\/10\/drapeau-luxembougeois.jpg\" alt=\"\" class=\"wp-image-1326 size-full\" srcset=\"https:\/\/coupdepouce.net\/wordpress\/wp-content\/uploads\/2022\/10\/drapeau-luxembougeois.jpg 334w, https:\/\/coupdepouce.net\/wordpress\/wp-content\/uploads\/2022\/10\/drapeau-luxembougeois-300x180.jpg 300w\" sizes=\"auto, (max-width: 334px) 100vw, 334px\" \/><\/figure><div class=\"wp-block-media-text__content\">\n<p>IBAN : LU53 1111 2587 5859 0000 <br>Bank : CCP, 38 place de la Gare, L-2997 LUXEMBOURG <br>Swift : CCPLLULL<\/p>\n\n\n\n<p>Payment by <a href=\"https:\/\/payconiq.lu\/fr\/\">PAYCONIQ<\/a> QR: <\/p>\n\n\n\n<figure class=\"wp-block-image size-full is-resized\"><img loading=\"lazy\" decoding=\"async\" width=\"250\" height=\"250\" src=\"https:\/\/coupdepouce.net\/wordpress\/wp-content\/uploads\/2023\/12\/QR-Payconiq-CDP-1.png\" alt=\"\" class=\"wp-image-1882\" style=\"width:133px;height:auto\" srcset=\"https:\/\/coupdepouce.net\/wordpress\/wp-content\/uploads\/2023\/12\/QR-Payconiq-CDP-1.png 250w, https:\/\/coupdepouce.net\/wordpress\/wp-content\/uploads\/2023\/12\/QR-Payconiq-CDP-1-150x150.png 150w\" sizes=\"auto, (max-width: 250px) 100vw, 250px\" \/><\/figure>\n<\/div><\/div>\n\n\n\n<h3 class=\"wp-block-heading\">D\u00e9ductions fiscales sur les comptes bancaires de nos partenaires:<\/h3>\n\n\n\n<h4 class=\"wp-block-heading\"><a href=\"https:\/\/enfancetiersmonde.be\">Empowering ToMorrow&rsquo;s generation<\/a> avec la mention CDP<\/h4>\n\n\n\n<p class=\"has-small-font-size\">Empowering ToMorrow&rsquo;s generation (ancien Enfance Tiers Monde ASBL), rue de Dinantstraat 5 bte 11 B-1000 Bruxelles, RPM Tribunal de l&rsquo;Entreprise Bruxelles NN 409451.054 etm.kdw.brusels@skynet.bet www.enfancetiersmonde.be<\/p>\n\n\n\n<p>D\u00e9duction fiscale\/Tax Deduction (Min 40\u20ac).<br>ETM est responsable du projet sur le plan juridique, administratif, financier et comptable. ETM a le droit de propri\u00e9t\u00e9 juridique de la lib\u00e9ralit\u00e9 et d\u00e9cide de mani\u00e8re autonome de son affectation. (Ci.RH.26\/567.400 concernant l&rsquo;AR\/CIR92). <\/p>\n\n\n\n<div class=\"wp-block-media-text is-stacked-on-mobile\" style=\"grid-template-columns:15% auto\"><figure class=\"wp-block-media-text__media\"><img loading=\"lazy\" decoding=\"async\" width=\"334\" height=\"200\" src=\"https:\/\/coupdepouce.net\/wordpress\/wp-content\/uploads\/2022\/10\/drapeaubelge.jpg\" alt=\"\" class=\"wp-image-1325 size-full\" srcset=\"https:\/\/coupdepouce.net\/wordpress\/wp-content\/uploads\/2022\/10\/drapeaubelge.jpg 334w, https:\/\/coupdepouce.net\/wordpress\/wp-content\/uploads\/2022\/10\/drapeaubelge-300x180.jpg 300w\" sizes=\"auto, (max-width: 334px) 100vw, 334px\" \/><\/figure><div class=\"wp-block-media-text__content\">\n<p>IBAN : BE57 0000 0399 9935<br>Bank : BNPParibas Fortis, rue Montagne du Parc 3, B-1000 Bruxelles<br>Swift : GEBABEBB ou GEBABEBBXXX<br>R\u00e9f\u00e9rence : CDP<\/p>\n<\/div><\/div>\n\n\n\n<div class=\"wp-block-media-text is-stacked-on-mobile\" style=\"grid-template-columns:15% auto\"><figure class=\"wp-block-media-text__media\"><img loading=\"lazy\" decoding=\"async\" width=\"334\" height=\"200\" src=\"https:\/\/coupdepouce.net\/wordpress\/wp-content\/uploads\/2022\/10\/drapeau-luxembougeois.jpg\" alt=\"\" class=\"wp-image-1326 size-full\" srcset=\"https:\/\/coupdepouce.net\/wordpress\/wp-content\/uploads\/2022\/10\/drapeau-luxembougeois.jpg 334w, https:\/\/coupdepouce.net\/wordpress\/wp-content\/uploads\/2022\/10\/drapeau-luxembougeois-300x180.jpg 300w\" sizes=\"auto, (max-width: 334px) 100vw, 334px\" \/><\/figure><div class=\"wp-block-media-text__content\">\n<p>IBAN : LU74 1111 0261 9097 0000<br>Bank : CCP, 38 place de la Gare, L-2997 LUXEMBOURG<br>Swift : CCPLLULL<br>R\u00e9f\u00e9rence : CDP       <\/p>\n<\/div><\/div>\n\n\n\n<h4 class=\"wp-block-heading\"><a href=\"https:\/\/www.clae.lu\/associations\/fonds-interculturel\/\">Fonds Interculturel <\/a>avec la mention &lsquo;Soutien Coup de Pouce Asbl&rsquo;<\/h4>\n\n\n\n<h5 class=\"wp-block-heading\">26, rue de Gasperich L-1617 Luxembourg <\/h5>\n\n\n\n<p>POST Luxembourg BIC : CCPL LULL IBAN : LU88 1111 0878 7590 0000<br>BGL BNP Paribas BIC : BGLL LULL IBAN : LU43 0030 3478 9082 0000<br>BCEE Luxembourg BIC : BCEE LULL IBAN : LU69 0019 1000 0116 0000<\/p>\n","protected":false},"excerpt":{"rendered":"<p>Asbl Coup de Pouce IBAN : BE37 0003 2567 0628Bank : BNPParibas Fortis, rue Montagne du Parc 3, B-1000 BruxellesSwift : GEBABEBB ou GEBABEBBXXX D\u00e9ductions fiscales sur les comptes bancaires de nos partenaires: Empowering ToMorrow&rsquo;s generation avec la mention CDP Empowering ToMorrow&rsquo;s generation (ancien Enfance Tiers Monde ASBL), rue de Dinantstraat 5 bte 11 B-1000 &hellip; <a href=\"https:\/\/coupdepouce.net\/wordpress\/index.php\/banking-data\/\" class=\"more-link\">Lire la suite <span class=\"screen-reader-text\">Banking Data<\/span><\/a><\/p>\n","protected":false},"author":2,"featured_media":0,"parent":0,"menu_order":0,"comment_status":"closed","ping_status":"closed","template":"","meta":{"footnotes":""},"class_list":["post-373","page","type-page","status-publish","hentry"],"_links":{"self":[{"href":"https:\/\/coupdepouce.net\/wordpress\/index.php\/wp-json\/wp\/v2\/pages\/373","targetHints":{"allow":["GET"]}}],"collection":[{"href":"https:\/\/coupdepouce.net\/wordpress\/index.php\/wp-json\/wp\/v2\/pages"}],"about":[{"href":"https:\/\/coupdepouce.net\/wordpress\/index.php\/wp-json\/wp\/v2\/types\/page"}],"author":[{"embeddable":true,"href":"https:\/\/coupdepouce.net\/wordpress\/index.php\/wp-json\/wp\/v2\/users\/2"}],"replies":[{"embeddable":true,"href":"https:\/\/coupdepouce.net\/wordpress\/index.php\/wp-json\/wp\/v2\/comments?post=373"}],"version-history":[{"count":7,"href":"https:\/\/coupdepouce.net\/wordpress\/index.php\/wp-json\/wp\/v2\/pages\/373\/revisions"}],"predecessor-version":[{"id":1938,"href":"https:\/\/coupdepouce.net\/wordpress\/index.php\/wp-json\/wp\/v2\/pages\/373\/revisions\/1938"}],"wp:attachment":[{"href":"https:\/\/coupdepouce.net\/wordpress\/index.php\/wp-json\/wp\/v2\/media?parent=373"}],"curies":[{"name":"wp","href":"https:\/\/api.w.org\/{rel}","templated":true}]}}