{"id":80,"date":"2018-12-16T19:28:29","date_gmt":"2018-12-16T18:28:29","guid":{"rendered":"https:\/\/coupdepoucenet.wordpress.com\/?page_id=80"},"modified":"2022-10-19T16:51:40","modified_gmt":"2022-10-19T16:51:40","slug":"micro-projets","status":"publish","type":"page","link":"https:\/\/coupdepouce.net\/wordpress\/index.php\/micro-projets\/","title":{"rendered":"For human and social profits"},"content":{"rendered":"<p><b><span style=\"color:#191e23;font-size:x-large;\" data-mce-style=\"color: #191e23; font-size: x-large;\">Coup de Pouce<\/span><\/b><span style=\"display:inline !important;float:none;background-color:transparent;color:#222222;font-family:Palatino, 'Palatino Linotype', 'Palatino LT STD', 'Book Antiqua', Times, 'Times New Roman', serif;font-size:20px;font-style:normal;font-variant:normal;font-weight:400;letter-spacing:normal;line-height:36px;orphans:2;text-align:left;text-decoration:none;text-indent:0;text-transform:none;white-space:normal;word-spacing:0;\" data-mce-style=\"display: inline !important; float: none; background-color: transparent; color: #222222; font-family: Palatino, 'Palatino Linotype', 'Palatino LT STD', 'Book Antiqua', Times, 'Times New Roman', serif; font-size: 20px; font-style: normal; font-variant: normal; font-weight: 400; letter-spacing: normal; line-height: 36px; orphans: 2; text-align: left; text-decoration: none; text-indent: 0; text-transform: none; white-space: normal; word-spacing: 0;\"> soutient essentiellement des micro-projets au Congo (RDC) dans les domaines de l&rsquo;\u00e9ducation, la formation professionnelle, l&rsquo;agriculture et l&rsquo;apiculture, la micro entreprise et l&rsquo;\u00e9veil \u00e0 l&rsquo;\u00e9cologie et \u00e0 l&rsquo;art. Initiatrice des actions suivantes : <\/span><b>PEACER<\/b> (<a href=\"http:\/\/peacer.link\/\" target=\"_blank\" data-mce-href=\"http:\/\/peacer.link\/\" rel=\"noopener\">http:\/\/peacer.link\/<\/a>) : le bracelet made in Luxembourg pour soutenir des initiatives pour aider les enfants vivant en zones de conflits. Bienvenue au Peacer Club.<\/p>\n<p><b>GREEN MANGO ECOSYSTEMES <\/b>en RDC&nbsp;<strong>: <\/strong>formation parascolaire pour des centaines de jeunes de 2 \u00e0 16 ans (IT, langue, \u00e9cologie, biblioth\u00e8que, couture et th\u00e9\u00e2tre &#8211; Philantroupe) (<a href=\"https:\/\/www.youtube.com\/watch?v=jHcY3HNMTxUinfo@coupdepouce.net\" target=\"_blank\" data-mce-href=\"https:\/\/www.youtube.com\/watch?v=jHcY3HNMTxUinfo@coupdepouce.net\" rel=\"noopener\">https:\/\/www.youtube.com<\/a>), alphab\u00e9tisation de femmes, culture mara\u00eech\u00e8re et rucher-\u00e9cole pour l&rsquo;apiculture biologique.<\/p>\n<p><b>SANTE :<\/b> soutien de programmes de sensibilisation au diab\u00e8te et planning familial.<\/p>\n<p><b>MODE ETHIQUE<\/b> (<a href=\"http:\/\/www.ezor.eu\/\" target=\"_blank\" data-mce-href=\"http:\/\/www.ezor.eu\/\" rel=\"noopener\">http:\/\/www.ezor.eu\/<\/a>) : pour permettre une r\u00e9insertion professionnelle et sociale et la reforestation (Un arbre pour mieux respirer).<\/p>\n<p><b>ACTIONS REALISEES : <\/b>en partenariat avec les associations congolaises <strong>OSEPER<\/strong> : r\u00e9insertion sociale de 1 000 enfants de la rue \u00e0 Kinshasa, formation professionnelle de 120 jeunes d\u00e9favoris\u00e9s co-financement de l&rsquo;\u00e9quipement du projet agricole \u00ab\u00a0Cit\u00e9 Guanella\u00a0\u00bb au Plateau des Bat\u00e9k\u00e9 (2004) (<a href=\"http:\/\/www.youtube.com\/watch?v=HKVTjS8420M\" target=\"_blank\" data-mce-href=\"http:\/\/www.youtube.com\/watch?v=HKVTjS8420M\" rel=\"noopener\">http:\/\/youtube.com<\/a>); <strong>YLIS<\/strong> (2006) : am\u00e9nagement, \u00e9quipement (biblioth\u00e8que, ordinateurs, meubles et guitares) et construction de classes; <strong>LUGO FARM<\/strong> et <strong>FERME DE KAPULWA<\/strong> pour la culture mara\u00eech\u00e8re et fermes semenci\u00e8res.<\/p>\n<hr>\n<p><em><strong>Coup de Pouce<\/strong>&nbsp;mainly supports micro projects in&nbsp;Congo (DRC) in the fields of education, professional training,&nbsp;agriculture, breeding,&nbsp;micro entreprise and environment and art courses. We&rsquo;ve notably initiated the following actions : <\/em><em><strong>PEACER<\/strong> (<a href=\"http:\/\/peacer.link\/\" target=\"_blank\" data-mce-href=\"http:\/\/peacer.link\/\" rel=\"noopener\">http:\/\/peacer.link\/<\/a>) : the bracelet made in Luxembourg to support initiatives for kids living in conflict areas. Join us at the Peacer Club.<\/em><\/p>\n<p><em><strong>GREEN MANGO ECOSYSTEMS <\/strong><\/em><em>in DRC : extra-schooling training for hundreds of kids and young people (IT, language, ecology, library, sewing and theater &#8211; The Philantroupe) (<a href=\"https:\/\/www.youtube.com\/watch?v=jHcY3HNMTxUinfo@coupdepouce.net\" target=\"_blank\" data-mce-href=\"https:\/\/www.youtube.com\/watch?v=jHcY3HNMTxUinfo@coupdepouce.net\" rel=\"noopener\">https:\/\/www.youtube.com<\/a>), women&rsquo;s literacy, bio agriculture and beekeeping.<\/em><\/p>\n<p><em><strong>HEALTH :<\/strong> support of diabetes awareness programs and family planning.<\/em><\/p>\n<p><em><strong>ETHICAL FASHION<\/strong> <a href=\"http:\/\/www.ezor.eu\/\" target=\"_blank\" data-mce-href=\"http:\/\/www.ezor.eu\/\" rel=\"noopener\">(http:\/\/www.ezor.eu\/<\/a>) : for social and professional rehabilitation and reforestation (A tree to better breath).<\/em><\/p>\n<p><em><strong>PREVIOUS PROJECTS :&nbsp;<\/strong><\/em><em>In partnership with Congolese charities <strong>OSEPER<\/strong> : social rehabilitation of 1 000 street children from Kinshasa, professional training of 120 desinherited young people and co-funding of the agriculture project of \u00ab\u00a0Cit\u00e9 Guanella\u00a0\u00bb at the Plateau des Bat\u00e9k\u00e9 (2008) (<a href=\"http:\/\/www.youtube.com\/watch?v=HKVTjS8420M\" target=\"_blank\" data-mce-href=\"http:\/\/www.youtube.com\/watch?v=HKVTjS8420M\" rel=\"noopener\">https:\/\/www.youtube.com<\/a>); <strong>YLIS<\/strong> (2006) : equipment (library, PC, furnitures, guitares) and building of classrooms; <strong>LUGO FARM<\/strong> and<strong> KAPULWA FARM<\/strong> for agriculture and seeds farms.<\/em><\/p>\n\n\n<p><\/p>\n","protected":false},"excerpt":{"rendered":"<p>Coup de Pouce soutient essentiellement des micro-projets au Congo (RDC) dans les domaines de l&rsquo;\u00e9ducation, la formation professionnelle, l&rsquo;agriculture et l&rsquo;apiculture, la micro entreprise et l&rsquo;\u00e9veil \u00e0 l&rsquo;\u00e9cologie et \u00e0 l&rsquo;art. Initiatrice des actions suivantes : PEACER (http:\/\/peacer.link\/) : le bracelet made in Luxembourg pour soutenir des initiatives pour aider les enfants vivant en zones &hellip; <a href=\"https:\/\/coupdepouce.net\/wordpress\/index.php\/micro-projets\/\" class=\"more-link\">Lire la suite <span class=\"screen-reader-text\">For human and social profits<\/span><\/a><\/p>\n","protected":false},"author":2,"featured_media":0,"parent":0,"menu_order":0,"comment_status":"closed","ping_status":"closed","template":"","meta":{"footnotes":""},"class_list":["post-80","page","type-page","status-publish","hentry"],"_links":{"self":[{"href":"https:\/\/coupdepouce.net\/wordpress\/index.php\/wp-json\/wp\/v2\/pages\/80","targetHints":{"allow":["GET"]}}],"collection":[{"href":"https:\/\/coupdepouce.net\/wordpress\/index.php\/wp-json\/wp\/v2\/pages"}],"about":[{"href":"https:\/\/coupdepouce.net\/wordpress\/index.php\/wp-json\/wp\/v2\/types\/page"}],"author":[{"embeddable":true,"href":"https:\/\/coupdepouce.net\/wordpress\/index.php\/wp-json\/wp\/v2\/users\/2"}],"replies":[{"embeddable":true,"href":"https:\/\/coupdepouce.net\/wordpress\/index.php\/wp-json\/wp\/v2\/comments?post=80"}],"version-history":[{"count":1,"href":"https:\/\/coupdepouce.net\/wordpress\/index.php\/wp-json\/wp\/v2\/pages\/80\/revisions"}],"predecessor-version":[{"id":1582,"href":"https:\/\/coupdepouce.net\/wordpress\/index.php\/wp-json\/wp\/v2\/pages\/80\/revisions\/1582"}],"wp:attachment":[{"href":"https:\/\/coupdepouce.net\/wordpress\/index.php\/wp-json\/wp\/v2\/media?parent=80"}],"curies":[{"name":"wp","href":"https:\/\/api.w.org\/{rel}","templated":true}]}}